{"id":8977,"date":"2021-11-25T12:05:14","date_gmt":"2021-11-25T12:05:14","guid":{"rendered":"https:\/\/www.kantu.cz\/?post_type=product&#038;p=8977"},"modified":"2021-11-26T07:52:51","modified_gmt":"2021-11-26T07:52:51","slug":"velvet-yoga-mist","status":"publish","type":"product","link":"https:\/\/www.kantu.cz\/en\/shop\/yoga-mist\/velvet-yoga-mist\/","title":{"rendered":"VELVET Yoga Mist"},"content":{"rendered":"<p>Kantu Yoga Mist is an all natural fine mist, safe to use on all\u00a0yoga mats. Pure essential oil with antiseptic and antibacterial\u00a0properties keep your mat fresh and ready for deep inhales.\u00a0Aromatherapeutic qualities of the mist enhance your breathing,\u00a0open your senses, elevate your mood and\u2026\u00a0<span style=\"color: #441e19;\"><strong>Uplift your spirit.<\/strong><\/span><\/p>\n<p><span style=\"text-decoration: underline; color: #ec0376;\"><a style=\"color: #ec0376; text-decoration: underline;\" \n<\/p>\n","protected":false},"excerpt":{"rendered":"<p><span style=\"color: #441e19;\">Soothing cozy combination of Nutmeg, Mandarine, Lemon and Ylang Ylang wraps you to a soft and safe veil where you can relax fully and let the world pass by . The nutmeg creates the soft warming notes so appreciated in cold months, citruses add the cheerful uplifting touch with it balancing freshness, ylang ylang lends this blend its noble elegance.<\/span><\/p>\n<p>150 ml<\/p>\n","protected":false},"featured_media":8994,"comment_status":"open","ping_status":"closed","template":"","meta":[],"acf":[],"yoast_head":"<!-- This site is optimized with the Yoast SEO plugin v18.9 - https:\/\/yoast.com\/wordpress\/plugins\/seo\/ -->\n<title>VELVET Yoga Mist - KANTU | Uplift your spirit<\/title>\n<meta name=\"robots\" content=\"index, follow, max-snippet:-1, max-image-preview:large, max-video-preview:-1\" \/>\n<link rel=\"canonical\" href=\"https:\/\/www.kantu.cz\/en\/shop\/yoga-mist\/velvet-yoga-mist\/\" \/>\n<meta property=\"og:locale\" content=\"en_US\" \/>\n<meta property=\"og:type\" content=\"article\" \/>\n<meta property=\"og:title\" content=\"VELVET Yoga Mist - KANTU | Uplift your spirit\" \/>\n<meta property=\"og:description\" content=\"Soothing cozy combination of Nutmeg, Mandarine, Lemon and Ylang Ylang wraps you to a soft and safe veil where you can relax fully and let the world pass by . The nutmeg creates the soft warming notes so appreciated in cold months, citruses add the cheerful uplifting touch with it balancing freshness, ylang ylang lends this blend its noble elegance.  150 ml\" \/>\n<meta property=\"og:url\" content=\"https:\/\/www.kantu.cz\/en\/shop\/yoga-mist\/velvet-yoga-mist\/\" \/>\n<meta property=\"og:site_name\" content=\"KANTU | Uplift your spirit\" \/>\n<meta property=\"article:publisher\" content=\"https:\/\/business.facebook.com\/?business_id=1669387883307423\" \/>\n<meta property=\"article:modified_time\" content=\"2021-11-26T07:52:51+00:00\" \/>\n<meta property=\"og:image\" content=\"https:\/\/www.kantu.cz\/wp-content\/uploads\/2021\/11\/velvet_shop.jpg\" \/>\n\t<meta property=\"og:image:width\" content=\"1000\" \/>\n\t<meta property=\"og:image:height\" content=\"1000\" \/>\n\t<meta property=\"og:image:type\" content=\"image\/jpeg\" \/>\n<meta name=\"twitter:card\" content=\"summary\" \/>\n<script type=\"application\/ld+json\" class=\"yoast-schema-graph\">{\"@context\":\"https:\/\/schema.org\",\"@graph\":[{\"@type\":\"Organization\",\"@id\":\"https:\/\/www.kantu.cz\/#organization\",\"name\":\"KANTU\",\"url\":\"https:\/\/www.kantu.cz\/\",\"sameAs\":[\"https:\/\/www.instagram.com\/kantu_yoga\/\",\"https:\/\/www.linkedin.com\/company\/kantu?trk=top_nav_home\",\"https:\/\/cz.pinterest.com\/kantu0676\/\",\"https:\/\/business.facebook.com\/?business_id=1669387883307423\"],\"logo\":{\"@type\":\"ImageObject\",\"inLanguage\":\"en-US\",\"@id\":\"https:\/\/www.kantu.cz\/#\/schema\/logo\/image\/\",\"url\":\"https:\/\/www.kantu.cz\/wp-content\/uploads\/2022\/01\/Centrd_FullSymbol_SM.jpg\",\"contentUrl\":\"https:\/\/www.kantu.cz\/wp-content\/uploads\/2022\/01\/Centrd_FullSymbol_SM.jpg\",\"width\":945,\"height\":825,\"caption\":\"KANTU\"},\"image\":{\"@id\":\"https:\/\/www.kantu.cz\/#\/schema\/logo\/image\/\"}},{\"@type\":\"WebSite\",\"@id\":\"https:\/\/www.kantu.cz\/#website\",\"url\":\"https:\/\/www.kantu.cz\/\",\"name\":\"KANTU | Uplift your spirit\",\"description\":\"\",\"publisher\":{\"@id\":\"https:\/\/www.kantu.cz\/#organization\"},\"potentialAction\":[{\"@type\":\"SearchAction\",\"target\":{\"@type\":\"EntryPoint\",\"urlTemplate\":\"https:\/\/www.kantu.cz\/?s={search_term_string}\"},\"query-input\":\"required name=search_term_string\"}],\"inLanguage\":\"en-US\"},{\"@type\":\"ImageObject\",\"inLanguage\":\"en-US\",\"@id\":\"https:\/\/www.kantu.cz\/en\/shop\/yoga-mist\/velvet-yoga-mist\/#primaryimage\",\"url\":\"https:\/\/www.kantu.cz\/wp-content\/uploads\/2021\/11\/velvet_shop.jpg\",\"contentUrl\":\"https:\/\/www.kantu.cz\/wp-content\/uploads\/2021\/11\/velvet_shop.jpg\",\"width\":1000,\"height\":1000,\"caption\":\"mu\u0161k\u00e1tov\u00fd o\u0159\u00ed\u0161ek, citrusy, ylang ylang\"},{\"@type\":\"WebPage\",\"@id\":\"https:\/\/www.kantu.cz\/en\/shop\/yoga-mist\/velvet-yoga-mist\/#webpage\",\"url\":\"https:\/\/www.kantu.cz\/en\/shop\/yoga-mist\/velvet-yoga-mist\/\",\"name\":\"VELVET Yoga Mist - KANTU | Uplift your spirit\",\"isPartOf\":{\"@id\":\"https:\/\/www.kantu.cz\/#website\"},\"primaryImageOfPage\":{\"@id\":\"https:\/\/www.kantu.cz\/en\/shop\/yoga-mist\/velvet-yoga-mist\/#primaryimage\"},\"datePublished\":\"2021-11-25T12:05:14+00:00\",\"dateModified\":\"2021-11-26T07:52:51+00:00\",\"breadcrumb\":{\"@id\":\"https:\/\/www.kantu.cz\/en\/shop\/yoga-mist\/velvet-yoga-mist\/#breadcrumb\"},\"inLanguage\":\"en-US\",\"potentialAction\":[{\"@type\":\"ReadAction\",\"target\":[\"https:\/\/www.kantu.cz\/en\/shop\/yoga-mist\/velvet-yoga-mist\/\"]}]},{\"@type\":\"BreadcrumbList\",\"@id\":\"https:\/\/www.kantu.cz\/en\/shop\/yoga-mist\/velvet-yoga-mist\/#breadcrumb\",\"itemListElement\":[{\"@type\":\"ListItem\",\"position\":1,\"name\":\"Home\",\"item\":\"https:\/\/www.kantu.cz\/en\/\"},{\"@type\":\"ListItem\",\"position\":2,\"name\":\"Shop\",\"item\":\"https:\/\/www.kantu.cz\/en\/shop\/\"},{\"@type\":\"ListItem\",\"position\":3,\"name\":\"VELVET Yoga Mist\"}]}]}<\/script>\n<!-- \/ Yoast SEO plugin. -->","yoast_head_json":{"title":"VELVET Yoga Mist - KANTU | Uplift your spirit","robots":{"index":"index","follow":"follow","max-snippet":"max-snippet:-1","max-image-preview":"max-image-preview:large","max-video-preview":"max-video-preview:-1"},"canonical":"https:\/\/www.kantu.cz\/en\/shop\/yoga-mist\/velvet-yoga-mist\/","og_locale":"en_US","og_type":"article","og_title":"VELVET Yoga Mist - KANTU | Uplift your spirit","og_description":"Soothing cozy combination of Nutmeg, Mandarine, Lemon and Ylang Ylang wraps you to a soft and safe veil where you can relax fully and let the world pass by . The nutmeg creates the soft warming notes so appreciated in cold months, citruses add the cheerful uplifting touch with it balancing freshness, ylang ylang lends this blend its noble elegance.  150 ml","og_url":"https:\/\/www.kantu.cz\/en\/shop\/yoga-mist\/velvet-yoga-mist\/","og_site_name":"KANTU | Uplift your spirit","article_publisher":"https:\/\/business.facebook.com\/?business_id=1669387883307423","article_modified_time":"2021-11-26T07:52:51+00:00","og_image":[{"width":1000,"height":1000,"url":"https:\/\/www.kantu.cz\/wp-content\/uploads\/2021\/11\/velvet_shop.jpg","type":"image\/jpeg"}],"twitter_card":"summary","schema":{"@context":"https:\/\/schema.org","@graph":[{"@type":"Organization","@id":"https:\/\/www.kantu.cz\/#organization","name":"KANTU","url":"https:\/\/www.kantu.cz\/","sameAs":["https:\/\/www.instagram.com\/kantu_yoga\/","https:\/\/www.linkedin.com\/company\/kantu?trk=top_nav_home","https:\/\/cz.pinterest.com\/kantu0676\/","https:\/\/business.facebook.com\/?business_id=1669387883307423"],"logo":{"@type":"ImageObject","inLanguage":"en-US","@id":"https:\/\/www.kantu.cz\/#\/schema\/logo\/image\/","url":"https:\/\/www.kantu.cz\/wp-content\/uploads\/2022\/01\/Centrd_FullSymbol_SM.jpg","contentUrl":"https:\/\/www.kantu.cz\/wp-content\/uploads\/2022\/01\/Centrd_FullSymbol_SM.jpg","width":945,"height":825,"caption":"KANTU"},"image":{"@id":"https:\/\/www.kantu.cz\/#\/schema\/logo\/image\/"}},{"@type":"WebSite","@id":"https:\/\/www.kantu.cz\/#website","url":"https:\/\/www.kantu.cz\/","name":"KANTU | Uplift your spirit","description":"","publisher":{"@id":"https:\/\/www.kantu.cz\/#organization"},"potentialAction":[{"@type":"SearchAction","target":{"@type":"EntryPoint","urlTemplate":"https:\/\/www.kantu.cz\/?s={search_term_string}"},"query-input":"required name=search_term_string"}],"inLanguage":"en-US"},{"@type":"ImageObject","inLanguage":"en-US","@id":"https:\/\/www.kantu.cz\/en\/shop\/yoga-mist\/velvet-yoga-mist\/#primaryimage","url":"https:\/\/www.kantu.cz\/wp-content\/uploads\/2021\/11\/velvet_shop.jpg","contentUrl":"https:\/\/www.kantu.cz\/wp-content\/uploads\/2021\/11\/velvet_shop.jpg","width":1000,"height":1000,"caption":"mu\u0161k\u00e1tov\u00fd o\u0159\u00ed\u0161ek, citrusy, ylang ylang"},{"@type":"WebPage","@id":"https:\/\/www.kantu.cz\/en\/shop\/yoga-mist\/velvet-yoga-mist\/#webpage","url":"https:\/\/www.kantu.cz\/en\/shop\/yoga-mist\/velvet-yoga-mist\/","name":"VELVET Yoga Mist - KANTU | Uplift your spirit","isPartOf":{"@id":"https:\/\/www.kantu.cz\/#website"},"primaryImageOfPage":{"@id":"https:\/\/www.kantu.cz\/en\/shop\/yoga-mist\/velvet-yoga-mist\/#primaryimage"},"datePublished":"2021-11-25T12:05:14+00:00","dateModified":"2021-11-26T07:52:51+00:00","breadcrumb":{"@id":"https:\/\/www.kantu.cz\/en\/shop\/yoga-mist\/velvet-yoga-mist\/#breadcrumb"},"inLanguage":"en-US","potentialAction":[{"@type":"ReadAction","target":["https:\/\/www.kantu.cz\/en\/shop\/yoga-mist\/velvet-yoga-mist\/"]}]},{"@type":"BreadcrumbList","@id":"https:\/\/www.kantu.cz\/en\/shop\/yoga-mist\/velvet-yoga-mist\/#breadcrumb","itemListElement":[{"@type":"ListItem","position":1,"name":"Home","item":"https:\/\/www.kantu.cz\/en\/"},{"@type":"ListItem","position":2,"name":"Shop","item":"https:\/\/www.kantu.cz\/en\/shop\/"},{"@type":"ListItem","position":3,"name":"VELVET Yoga Mist"}]}]}},"_links":{"self":[{"href":"https:\/\/www.kantu.cz\/en\/wp-json\/wp\/v2\/product\/8977"}],"collection":[{"href":"https:\/\/www.kantu.cz\/en\/wp-json\/wp\/v2\/product"}],"about":[{"href":"https:\/\/www.kantu.cz\/en\/wp-json\/wp\/v2\/types\/product"}],"replies":[{"embeddable":true,"href":"https:\/\/www.kantu.cz\/en\/wp-json\/wp\/v2\/comments?post=8977"}],"wp:featuredmedia":[{"embeddable":true,"href":"https:\/\/www.kantu.cz\/en\/wp-json\/wp\/v2\/media\/8994"}],"wp:attachment":[{"href":"https:\/\/www.kantu.cz\/en\/wp-json\/wp\/v2\/media?parent=8977"}],"curies":[{"name":"wp","href":"https:\/\/api.w.org\/{rel}","templated":true}]}}