{"id":8923,"date":"2021-11-22T21:39:30","date_gmt":"2021-11-22T21:39:31","guid":{"rendered":"https:\/\/www.kantu.cz\/?post_type=product&#038;p=8923"},"modified":"2021-11-25T17:07:20","modified_gmt":"2021-11-25T17:07:20","slug":"incense-holder","status":"publish","type":"product","link":"https:\/\/www.kantu.cz\/en\/shop\/japanese-insence-en\/incense-holder\/","title":{"rendered":"Japanese Incense holder"},"content":{"rendered":"<p><em><em>KOMA is traditional japanese toy &#8220;spinner&#8221; this game is played traditionally on New Years. Design of this luxurious holder is inspired by this game.<\/em><\/p>\n<p>\u00a0<span style=\"color: #441e19;\"><strong>Uplift your spirit.<\/strong><\/span><\/p>\n<p>&nbsp;<\/p>\n","protected":false},"excerpt":{"rendered":"<p>\u00a0<span style=\"color: #441e19;\"><strong>Ceramic insense burner<\/strong><\/span><span style=\"color: #441e19;\"><strong>KOMA<\/strong><\/span> Light your favorite japanese insences stick in this stylish stand.<\/p>\n<p>Koma \u2013 precisely hand decorated ceramic stand for incense sticks and insence cones or loose insence with hot coal. <\/p>\n<p>Artists use for the gold colour real gold, to which they add other ingredients, the colour thu sgains higher gloss and shine. <\/p>\n<p>Stand is suitable for all incense types.<\/p>\n<p>Made in Japan.<\/p>\n<p><span style=\"color: #441e19;\"><strong>Uplift your spirit.<\/strong><\/span><\/p>\n<p>&nbsp;<\/p>\n<p><\/p>\n<p>&nbsp;<\/p>\n","protected":false},"featured_media":8925,"comment_status":"closed","ping_status":"closed","template":"","meta":[],"acf":[],"yoast_head":"<!-- This site is optimized with the Yoast SEO plugin v18.9 - https:\/\/yoast.com\/wordpress\/plugins\/seo\/ -->\n<title>Japanese Incense holder - KANTU | Uplift your spirit<\/title>\n<meta name=\"robots\" content=\"index, follow, max-snippet:-1, max-image-preview:large, max-video-preview:-1\" \/>\n<link rel=\"canonical\" href=\"https:\/\/www.kantu.cz\/en\/shop\/japanese-insence-en\/incense-holder\/\" \/>\n<meta property=\"og:locale\" content=\"en_US\" \/>\n<meta property=\"og:type\" content=\"article\" \/>\n<meta property=\"og:title\" content=\"Japanese Incense holder - KANTU | Uplift your spirit\" \/>\n<meta property=\"og:description\" content=\"\u00a0Ceramic insense burnerKOMA Light your favorite japanese insences stick in this stylish stand.  Koma \u2013 precisely hand decorated ceramic stand for incense sticks and insence cones or loose insence with hot coal.   Artists use for the gold colour real gold, to which they add other ingredients, the colour thu sgains higher gloss and shine.   Stand is suitable for all incense types.  Made in Japan.  Uplift your spirit.  &nbsp;   &nbsp;\" \/>\n<meta property=\"og:url\" content=\"https:\/\/www.kantu.cz\/en\/shop\/japanese-insence-en\/incense-holder\/\" \/>\n<meta property=\"og:site_name\" content=\"KANTU | Uplift your spirit\" \/>\n<meta property=\"article:publisher\" content=\"https:\/\/business.facebook.com\/?business_id=1669387883307423\" \/>\n<meta property=\"article:modified_time\" content=\"2021-11-25T17:07:20+00:00\" \/>\n<meta property=\"og:image\" content=\"https:\/\/www.kantu.cz\/wp-content\/uploads\/2021\/11\/STojanek.jpg\" \/>\n\t<meta property=\"og:image:width\" content=\"800\" \/>\n\t<meta property=\"og:image:height\" content=\"800\" \/>\n\t<meta property=\"og:image:type\" content=\"image\/jpeg\" \/>\n<meta name=\"twitter:card\" content=\"summary\" \/>\n<script type=\"application\/ld+json\" class=\"yoast-schema-graph\">{\"@context\":\"https:\/\/schema.org\",\"@graph\":[{\"@type\":\"Organization\",\"@id\":\"https:\/\/www.kantu.cz\/#organization\",\"name\":\"KANTU\",\"url\":\"https:\/\/www.kantu.cz\/\",\"sameAs\":[\"https:\/\/www.instagram.com\/kantu_yoga\/\",\"https:\/\/www.linkedin.com\/company\/kantu?trk=top_nav_home\",\"https:\/\/cz.pinterest.com\/kantu0676\/\",\"https:\/\/business.facebook.com\/?business_id=1669387883307423\"],\"logo\":{\"@type\":\"ImageObject\",\"inLanguage\":\"en-US\",\"@id\":\"https:\/\/www.kantu.cz\/#\/schema\/logo\/image\/\",\"url\":\"https:\/\/www.kantu.cz\/wp-content\/uploads\/2022\/01\/Centrd_FullSymbol_SM.jpg\",\"contentUrl\":\"https:\/\/www.kantu.cz\/wp-content\/uploads\/2022\/01\/Centrd_FullSymbol_SM.jpg\",\"width\":945,\"height\":825,\"caption\":\"KANTU\"},\"image\":{\"@id\":\"https:\/\/www.kantu.cz\/#\/schema\/logo\/image\/\"}},{\"@type\":\"WebSite\",\"@id\":\"https:\/\/www.kantu.cz\/#website\",\"url\":\"https:\/\/www.kantu.cz\/\",\"name\":\"KANTU | Uplift your spirit\",\"description\":\"\",\"publisher\":{\"@id\":\"https:\/\/www.kantu.cz\/#organization\"},\"potentialAction\":[{\"@type\":\"SearchAction\",\"target\":{\"@type\":\"EntryPoint\",\"urlTemplate\":\"https:\/\/www.kantu.cz\/?s={search_term_string}\"},\"query-input\":\"required name=search_term_string\"}],\"inLanguage\":\"en-US\"},{\"@type\":\"ImageObject\",\"inLanguage\":\"en-US\",\"@id\":\"https:\/\/www.kantu.cz\/en\/shop\/japanese-insence-en\/incense-holder\/#primaryimage\",\"url\":\"https:\/\/www.kantu.cz\/wp-content\/uploads\/2021\/11\/STojanek.jpg\",\"contentUrl\":\"https:\/\/www.kantu.cz\/wp-content\/uploads\/2021\/11\/STojanek.jpg\",\"width\":800,\"height\":800,\"caption\":\"keramick\u00fd stoj\u00e1nek na ty\u010dinky\"},{\"@type\":\"WebPage\",\"@id\":\"https:\/\/www.kantu.cz\/en\/shop\/japanese-insence-en\/incense-holder\/#webpage\",\"url\":\"https:\/\/www.kantu.cz\/en\/shop\/japanese-insence-en\/incense-holder\/\",\"name\":\"Japanese Incense holder - KANTU | Uplift your spirit\",\"isPartOf\":{\"@id\":\"https:\/\/www.kantu.cz\/#website\"},\"primaryImageOfPage\":{\"@id\":\"https:\/\/www.kantu.cz\/en\/shop\/japanese-insence-en\/incense-holder\/#primaryimage\"},\"datePublished\":\"2021-11-22T21:39:31+00:00\",\"dateModified\":\"2021-11-25T17:07:20+00:00\",\"breadcrumb\":{\"@id\":\"https:\/\/www.kantu.cz\/en\/shop\/japanese-insence-en\/incense-holder\/#breadcrumb\"},\"inLanguage\":\"en-US\",\"potentialAction\":[{\"@type\":\"ReadAction\",\"target\":[\"https:\/\/www.kantu.cz\/en\/shop\/japanese-insence-en\/incense-holder\/\"]}]},{\"@type\":\"BreadcrumbList\",\"@id\":\"https:\/\/www.kantu.cz\/en\/shop\/japanese-insence-en\/incense-holder\/#breadcrumb\",\"itemListElement\":[{\"@type\":\"ListItem\",\"position\":1,\"name\":\"Home\",\"item\":\"https:\/\/www.kantu.cz\/en\/\"},{\"@type\":\"ListItem\",\"position\":2,\"name\":\"Shop\",\"item\":\"https:\/\/www.kantu.cz\/en\/shop\/\"},{\"@type\":\"ListItem\",\"position\":3,\"name\":\"Japanese Incense holder\"}]}]}<\/script>\n<!-- \/ Yoast SEO plugin. -->","yoast_head_json":{"title":"Japanese Incense holder - KANTU | Uplift your spirit","robots":{"index":"index","follow":"follow","max-snippet":"max-snippet:-1","max-image-preview":"max-image-preview:large","max-video-preview":"max-video-preview:-1"},"canonical":"https:\/\/www.kantu.cz\/en\/shop\/japanese-insence-en\/incense-holder\/","og_locale":"en_US","og_type":"article","og_title":"Japanese Incense holder - KANTU | Uplift your spirit","og_description":"\u00a0Ceramic insense burnerKOMA Light your favorite japanese insences stick in this stylish stand.  Koma \u2013 precisely hand decorated ceramic stand for incense sticks and insence cones or loose insence with hot coal.   Artists use for the gold colour real gold, to which they add other ingredients, the colour thu sgains higher gloss and shine.   Stand is suitable for all incense types.  Made in Japan.  Uplift your spirit.  &nbsp;   &nbsp;","og_url":"https:\/\/www.kantu.cz\/en\/shop\/japanese-insence-en\/incense-holder\/","og_site_name":"KANTU | Uplift your spirit","article_publisher":"https:\/\/business.facebook.com\/?business_id=1669387883307423","article_modified_time":"2021-11-25T17:07:20+00:00","og_image":[{"width":800,"height":800,"url":"https:\/\/www.kantu.cz\/wp-content\/uploads\/2021\/11\/STojanek.jpg","type":"image\/jpeg"}],"twitter_card":"summary","schema":{"@context":"https:\/\/schema.org","@graph":[{"@type":"Organization","@id":"https:\/\/www.kantu.cz\/#organization","name":"KANTU","url":"https:\/\/www.kantu.cz\/","sameAs":["https:\/\/www.instagram.com\/kantu_yoga\/","https:\/\/www.linkedin.com\/company\/kantu?trk=top_nav_home","https:\/\/cz.pinterest.com\/kantu0676\/","https:\/\/business.facebook.com\/?business_id=1669387883307423"],"logo":{"@type":"ImageObject","inLanguage":"en-US","@id":"https:\/\/www.kantu.cz\/#\/schema\/logo\/image\/","url":"https:\/\/www.kantu.cz\/wp-content\/uploads\/2022\/01\/Centrd_FullSymbol_SM.jpg","contentUrl":"https:\/\/www.kantu.cz\/wp-content\/uploads\/2022\/01\/Centrd_FullSymbol_SM.jpg","width":945,"height":825,"caption":"KANTU"},"image":{"@id":"https:\/\/www.kantu.cz\/#\/schema\/logo\/image\/"}},{"@type":"WebSite","@id":"https:\/\/www.kantu.cz\/#website","url":"https:\/\/www.kantu.cz\/","name":"KANTU | Uplift your spirit","description":"","publisher":{"@id":"https:\/\/www.kantu.cz\/#organization"},"potentialAction":[{"@type":"SearchAction","target":{"@type":"EntryPoint","urlTemplate":"https:\/\/www.kantu.cz\/?s={search_term_string}"},"query-input":"required name=search_term_string"}],"inLanguage":"en-US"},{"@type":"ImageObject","inLanguage":"en-US","@id":"https:\/\/www.kantu.cz\/en\/shop\/japanese-insence-en\/incense-holder\/#primaryimage","url":"https:\/\/www.kantu.cz\/wp-content\/uploads\/2021\/11\/STojanek.jpg","contentUrl":"https:\/\/www.kantu.cz\/wp-content\/uploads\/2021\/11\/STojanek.jpg","width":800,"height":800,"caption":"keramick\u00fd stoj\u00e1nek na ty\u010dinky"},{"@type":"WebPage","@id":"https:\/\/www.kantu.cz\/en\/shop\/japanese-insence-en\/incense-holder\/#webpage","url":"https:\/\/www.kantu.cz\/en\/shop\/japanese-insence-en\/incense-holder\/","name":"Japanese Incense holder - KANTU | Uplift your spirit","isPartOf":{"@id":"https:\/\/www.kantu.cz\/#website"},"primaryImageOfPage":{"@id":"https:\/\/www.kantu.cz\/en\/shop\/japanese-insence-en\/incense-holder\/#primaryimage"},"datePublished":"2021-11-22T21:39:31+00:00","dateModified":"2021-11-25T17:07:20+00:00","breadcrumb":{"@id":"https:\/\/www.kantu.cz\/en\/shop\/japanese-insence-en\/incense-holder\/#breadcrumb"},"inLanguage":"en-US","potentialAction":[{"@type":"ReadAction","target":["https:\/\/www.kantu.cz\/en\/shop\/japanese-insence-en\/incense-holder\/"]}]},{"@type":"BreadcrumbList","@id":"https:\/\/www.kantu.cz\/en\/shop\/japanese-insence-en\/incense-holder\/#breadcrumb","itemListElement":[{"@type":"ListItem","position":1,"name":"Home","item":"https:\/\/www.kantu.cz\/en\/"},{"@type":"ListItem","position":2,"name":"Shop","item":"https:\/\/www.kantu.cz\/en\/shop\/"},{"@type":"ListItem","position":3,"name":"Japanese Incense holder"}]}]}},"_links":{"self":[{"href":"https:\/\/www.kantu.cz\/en\/wp-json\/wp\/v2\/product\/8923"}],"collection":[{"href":"https:\/\/www.kantu.cz\/en\/wp-json\/wp\/v2\/product"}],"about":[{"href":"https:\/\/www.kantu.cz\/en\/wp-json\/wp\/v2\/types\/product"}],"replies":[{"embeddable":true,"href":"https:\/\/www.kantu.cz\/en\/wp-json\/wp\/v2\/comments?post=8923"}],"wp:featuredmedia":[{"embeddable":true,"href":"https:\/\/www.kantu.cz\/en\/wp-json\/wp\/v2\/media\/8925"}],"wp:attachment":[{"href":"https:\/\/www.kantu.cz\/en\/wp-json\/wp\/v2\/media?parent=8923"}],"curies":[{"name":"wp","href":"https:\/\/api.w.org\/{rel}","templated":true}]}}