{"id":8716,"date":"2021-10-08T12:40:09","date_gmt":"2021-10-08T12:40:10","guid":{"rendered":"https:\/\/www.kantu.cz\/?post_type=product&#038;p=8716"},"modified":"2021-10-08T12:52:45","modified_gmt":"2021-10-08T12:52:45","slug":"free-mask-spray-kopirovat","status":"publish","type":"product","link":"https:\/\/www.kantu.cz\/en\/shop\/gift-sets-en-2\/free-mask-spray-kopirovat\/","title":{"rendered":"FREE- mask spray and satchel"},"content":{"rendered":"<p><em>This product was created out of necessity. My slight claustrophobia created by &#8220;well meant&#8221; measure in socialistic kindergarden, where the teachers put a towel over kids faces if they did not want to go to sleep after lunch (so at least they do not disturb). I am the type of person, who cannot sleep during the day, so I was suffocating under the towel for 1 hour daily, every day begging my mum to collect me after lunch to save me from this &#8220;torture&#8221;.<\/em><\/p>\n<p>&nbsp;<\/p>\n<p><em>Ever since I feel like I am suffocating right after you put something over my nose and mouth simultaneously, so the government regulation of wearing masks puts me in this position every day. My nose is on top of it very sensitive so after some time smelling my own exhales makes me sick.<\/em><\/p>\n<p><em>There was only one solution &#8211; to create a blend of essential oils in a spray that allows me to keep teh mask on and at least feel like I am breathing freely&#8230;<\/em><\/p>\n<p>If you are like me or just want to make wearing a mask or respirator more comfortable, I am sure you will appreciate the effect of this spray. Before you put your mask on, spray lightl\u016fy from both sides. \u00a0You can forget the hardship and let yourself be lost in pure scent of evergreens, eucalyptus, mint and rosemary.<\/p>\n<p><strong>Uplift your spirit.<\/strong><\/p>\n<p>&nbsp;<\/p>\n","protected":false},"excerpt":{"rendered":"<p><span style=\"color: #441e19;\"><strong>Refreshing <\/strong>mask spray for free breath. This crisp fresh blend of <strong>cypress<\/strong>, <strong>mint, eucalyptus, rosemary and <\/strong>other<strong> evergreens<\/strong>\u00a0makes wearing mask and respirator more pleasant and comfortable. Harmonic blend of pure essential oils helps keep your mask clean and fresh.<\/span><\/p>\n<p><strong>Scent<\/strong>: pure, crisp minty fresh evoking high altitude mountain air with subtones of evergreen forest.<\/p>\n<p><strong>Effect<\/strong>: This harmonic blend creates clean feeling and freshness, opens airways, rosemary supports focus. Makes wearing a mask more comfortable.<\/p>\n<p><strong>Contains<\/strong>: Essential oils of <strong>Cypress\u00a0<\/strong>with antimicrobial properties, Mint, Rosemary and Eucalyptus supports airways, Juniper berry calms nerves and purifies air. Essence of Scotch Pine is used for treatment of blocked nose, infections of upper respiratory tract.<\/p>\n<p>Is set with practival breathable cotton satchel to keep mask and spray handy and clean all the time.<\/p>\n<p>50ml<\/p>\n<p>Packed in practical professional bottle, that protects the natural essential oils, is light, non breakable. Small size fits well into purse.<\/p>\n","protected":false},"featured_media":8718,"comment_status":"closed","ping_status":"closed","template":"","meta":[],"acf":[],"yoast_head":"<!-- This site is optimized with the Yoast SEO plugin v18.9 - https:\/\/yoast.com\/wordpress\/plugins\/seo\/ -->\n<title>FREE- mask spray and satchel - KANTU | Uplift your spirit<\/title>\n<meta name=\"robots\" content=\"index, follow, max-snippet:-1, max-image-preview:large, max-video-preview:-1\" \/>\n<link rel=\"canonical\" href=\"https:\/\/www.kantu.cz\/en\/shop\/mask-spray\/free-mask-spray-kopirovat\/\" \/>\n<meta property=\"og:locale\" content=\"en_US\" \/>\n<meta property=\"og:type\" content=\"article\" \/>\n<meta property=\"og:title\" content=\"FREE- mask spray and satchel - KANTU | Uplift your spirit\" \/>\n<meta property=\"og:description\" content=\"Refreshing mask spray for free breath. This crisp fresh blend of cypress, mint, eucalyptus, rosemary and other evergreens\u00a0makes wearing mask and respirator more pleasant and comfortable. Harmonic blend of pure essential oils helps keep your mask clean and fresh.  Scent: pure, crisp minty fresh evoking high altitude mountain air with subtones of evergreen forest.  Effect: This harmonic blend creates clean feeling and freshness, opens airways, rosemary supports focus. Makes wearing a mask more comfortable.  Contains: Essential oils of Cypress\u00a0with antimicrobial properties, Mint, Rosemary and Eucalyptus supports airways, Juniper berry calms nerves and purifies air. Essence of Scotch Pine is used for treatment of blocked nose, infections of upper respiratory tract.  Is set with practival breathable cotton satchel to keep mask and spray handy and clean all the time.  50ml  Packed in practical professional bottle, that protects the natural essential oils, is light, non breakable. Small size fits well into purse.\" \/>\n<meta property=\"og:url\" content=\"https:\/\/www.kantu.cz\/en\/shop\/mask-spray\/free-mask-spray-kopirovat\/\" \/>\n<meta property=\"og:site_name\" content=\"KANTU | Uplift your spirit\" \/>\n<meta property=\"article:publisher\" content=\"https:\/\/business.facebook.com\/?business_id=1669387883307423\" \/>\n<meta property=\"article:modified_time\" content=\"2021-10-08T12:52:45+00:00\" \/>\n<meta property=\"og:image\" content=\"https:\/\/www.kantu.cz\/wp-content\/uploads\/2021\/10\/Fresh-pytlicek.jpg\" \/>\n\t<meta property=\"og:image:width\" content=\"1128\" \/>\n\t<meta property=\"og:image:height\" content=\"1128\" \/>\n\t<meta property=\"og:image:type\" content=\"image\/jpeg\" \/>\n<meta name=\"twitter:card\" content=\"summary\" \/>\n<meta name=\"twitter:label1\" content=\"Est. reading time\" \/>\n\t<meta name=\"twitter:data1\" content=\"1 minute\" \/>\n<script type=\"application\/ld+json\" class=\"yoast-schema-graph\">{\"@context\":\"https:\/\/schema.org\",\"@graph\":[{\"@type\":\"Organization\",\"@id\":\"https:\/\/www.kantu.cz\/#organization\",\"name\":\"KANTU\",\"url\":\"https:\/\/www.kantu.cz\/\",\"sameAs\":[\"https:\/\/www.instagram.com\/kantu_yoga\/\",\"https:\/\/www.linkedin.com\/company\/kantu?trk=top_nav_home\",\"https:\/\/cz.pinterest.com\/kantu0676\/\",\"https:\/\/business.facebook.com\/?business_id=1669387883307423\"],\"logo\":{\"@type\":\"ImageObject\",\"inLanguage\":\"en-US\",\"@id\":\"https:\/\/www.kantu.cz\/#\/schema\/logo\/image\/\",\"url\":\"https:\/\/www.kantu.cz\/wp-content\/uploads\/2022\/01\/Centrd_FullSymbol_SM.jpg\",\"contentUrl\":\"https:\/\/www.kantu.cz\/wp-content\/uploads\/2022\/01\/Centrd_FullSymbol_SM.jpg\",\"width\":945,\"height\":825,\"caption\":\"KANTU\"},\"image\":{\"@id\":\"https:\/\/www.kantu.cz\/#\/schema\/logo\/image\/\"}},{\"@type\":\"WebSite\",\"@id\":\"https:\/\/www.kantu.cz\/#website\",\"url\":\"https:\/\/www.kantu.cz\/\",\"name\":\"KANTU | Uplift your spirit\",\"description\":\"\",\"publisher\":{\"@id\":\"https:\/\/www.kantu.cz\/#organization\"},\"potentialAction\":[{\"@type\":\"SearchAction\",\"target\":{\"@type\":\"EntryPoint\",\"urlTemplate\":\"https:\/\/www.kantu.cz\/?s={search_term_string}\"},\"query-input\":\"required name=search_term_string\"}],\"inLanguage\":\"en-US\"},{\"@type\":\"ImageObject\",\"inLanguage\":\"en-US\",\"@id\":\"https:\/\/www.kantu.cz\/en\/shop\/mask-spray\/free-mask-spray-kopirovat\/#primaryimage\",\"url\":\"https:\/\/www.kantu.cz\/wp-content\/uploads\/2021\/10\/Fresh-pytlicek.jpg\",\"contentUrl\":\"https:\/\/www.kantu.cz\/wp-content\/uploads\/2021\/10\/Fresh-pytlicek.jpg\",\"width\":1128,\"height\":1128,\"caption\":\"sada sprej a ta\u0161ti\u010dka na rou\u0161ku\"},{\"@type\":\"WebPage\",\"@id\":\"https:\/\/www.kantu.cz\/en\/shop\/mask-spray\/free-mask-spray-kopirovat\/#webpage\",\"url\":\"https:\/\/www.kantu.cz\/en\/shop\/mask-spray\/free-mask-spray-kopirovat\/\",\"name\":\"FREE- mask spray and satchel - KANTU | Uplift your spirit\",\"isPartOf\":{\"@id\":\"https:\/\/www.kantu.cz\/#website\"},\"primaryImageOfPage\":{\"@id\":\"https:\/\/www.kantu.cz\/en\/shop\/mask-spray\/free-mask-spray-kopirovat\/#primaryimage\"},\"datePublished\":\"2021-10-08T12:40:10+00:00\",\"dateModified\":\"2021-10-08T12:52:45+00:00\",\"breadcrumb\":{\"@id\":\"https:\/\/www.kantu.cz\/en\/shop\/mask-spray\/free-mask-spray-kopirovat\/#breadcrumb\"},\"inLanguage\":\"en-US\",\"potentialAction\":[{\"@type\":\"ReadAction\",\"target\":[\"https:\/\/www.kantu.cz\/en\/shop\/mask-spray\/free-mask-spray-kopirovat\/\"]}]},{\"@type\":\"BreadcrumbList\",\"@id\":\"https:\/\/www.kantu.cz\/en\/shop\/mask-spray\/free-mask-spray-kopirovat\/#breadcrumb\",\"itemListElement\":[{\"@type\":\"ListItem\",\"position\":1,\"name\":\"Home\",\"item\":\"https:\/\/www.kantu.cz\/en\/\"},{\"@type\":\"ListItem\",\"position\":2,\"name\":\"Shop\",\"item\":\"https:\/\/www.kantu.cz\/en\/shop\/\"},{\"@type\":\"ListItem\",\"position\":3,\"name\":\"FREE- mask spray and satchel\"}]}]}<\/script>\n<!-- \/ Yoast SEO plugin. -->","yoast_head_json":{"title":"FREE- mask spray and satchel - KANTU | Uplift your spirit","robots":{"index":"index","follow":"follow","max-snippet":"max-snippet:-1","max-image-preview":"max-image-preview:large","max-video-preview":"max-video-preview:-1"},"canonical":"https:\/\/www.kantu.cz\/en\/shop\/mask-spray\/free-mask-spray-kopirovat\/","og_locale":"en_US","og_type":"article","og_title":"FREE- mask spray and satchel - KANTU | Uplift your spirit","og_description":"Refreshing mask spray for free breath. This crisp fresh blend of cypress, mint, eucalyptus, rosemary and other evergreens\u00a0makes wearing mask and respirator more pleasant and comfortable. Harmonic blend of pure essential oils helps keep your mask clean and fresh.  Scent: pure, crisp minty fresh evoking high altitude mountain air with subtones of evergreen forest.  Effect: This harmonic blend creates clean feeling and freshness, opens airways, rosemary supports focus. Makes wearing a mask more comfortable.  Contains: Essential oils of Cypress\u00a0with antimicrobial properties, Mint, Rosemary and Eucalyptus supports airways, Juniper berry calms nerves and purifies air. Essence of Scotch Pine is used for treatment of blocked nose, infections of upper respiratory tract.  Is set with practival breathable cotton satchel to keep mask and spray handy and clean all the time.  50ml  Packed in practical professional bottle, that protects the natural essential oils, is light, non breakable. Small size fits well into purse.","og_url":"https:\/\/www.kantu.cz\/en\/shop\/mask-spray\/free-mask-spray-kopirovat\/","og_site_name":"KANTU | Uplift your spirit","article_publisher":"https:\/\/business.facebook.com\/?business_id=1669387883307423","article_modified_time":"2021-10-08T12:52:45+00:00","og_image":[{"width":1128,"height":1128,"url":"https:\/\/www.kantu.cz\/wp-content\/uploads\/2021\/10\/Fresh-pytlicek.jpg","type":"image\/jpeg"}],"twitter_card":"summary","twitter_misc":{"Est. reading time":"1 minute"},"schema":{"@context":"https:\/\/schema.org","@graph":[{"@type":"Organization","@id":"https:\/\/www.kantu.cz\/#organization","name":"KANTU","url":"https:\/\/www.kantu.cz\/","sameAs":["https:\/\/www.instagram.com\/kantu_yoga\/","https:\/\/www.linkedin.com\/company\/kantu?trk=top_nav_home","https:\/\/cz.pinterest.com\/kantu0676\/","https:\/\/business.facebook.com\/?business_id=1669387883307423"],"logo":{"@type":"ImageObject","inLanguage":"en-US","@id":"https:\/\/www.kantu.cz\/#\/schema\/logo\/image\/","url":"https:\/\/www.kantu.cz\/wp-content\/uploads\/2022\/01\/Centrd_FullSymbol_SM.jpg","contentUrl":"https:\/\/www.kantu.cz\/wp-content\/uploads\/2022\/01\/Centrd_FullSymbol_SM.jpg","width":945,"height":825,"caption":"KANTU"},"image":{"@id":"https:\/\/www.kantu.cz\/#\/schema\/logo\/image\/"}},{"@type":"WebSite","@id":"https:\/\/www.kantu.cz\/#website","url":"https:\/\/www.kantu.cz\/","name":"KANTU | Uplift your spirit","description":"","publisher":{"@id":"https:\/\/www.kantu.cz\/#organization"},"potentialAction":[{"@type":"SearchAction","target":{"@type":"EntryPoint","urlTemplate":"https:\/\/www.kantu.cz\/?s={search_term_string}"},"query-input":"required name=search_term_string"}],"inLanguage":"en-US"},{"@type":"ImageObject","inLanguage":"en-US","@id":"https:\/\/www.kantu.cz\/en\/shop\/mask-spray\/free-mask-spray-kopirovat\/#primaryimage","url":"https:\/\/www.kantu.cz\/wp-content\/uploads\/2021\/10\/Fresh-pytlicek.jpg","contentUrl":"https:\/\/www.kantu.cz\/wp-content\/uploads\/2021\/10\/Fresh-pytlicek.jpg","width":1128,"height":1128,"caption":"sada sprej a ta\u0161ti\u010dka na rou\u0161ku"},{"@type":"WebPage","@id":"https:\/\/www.kantu.cz\/en\/shop\/mask-spray\/free-mask-spray-kopirovat\/#webpage","url":"https:\/\/www.kantu.cz\/en\/shop\/mask-spray\/free-mask-spray-kopirovat\/","name":"FREE- mask spray and satchel - KANTU | Uplift your spirit","isPartOf":{"@id":"https:\/\/www.kantu.cz\/#website"},"primaryImageOfPage":{"@id":"https:\/\/www.kantu.cz\/en\/shop\/mask-spray\/free-mask-spray-kopirovat\/#primaryimage"},"datePublished":"2021-10-08T12:40:10+00:00","dateModified":"2021-10-08T12:52:45+00:00","breadcrumb":{"@id":"https:\/\/www.kantu.cz\/en\/shop\/mask-spray\/free-mask-spray-kopirovat\/#breadcrumb"},"inLanguage":"en-US","potentialAction":[{"@type":"ReadAction","target":["https:\/\/www.kantu.cz\/en\/shop\/mask-spray\/free-mask-spray-kopirovat\/"]}]},{"@type":"BreadcrumbList","@id":"https:\/\/www.kantu.cz\/en\/shop\/mask-spray\/free-mask-spray-kopirovat\/#breadcrumb","itemListElement":[{"@type":"ListItem","position":1,"name":"Home","item":"https:\/\/www.kantu.cz\/en\/"},{"@type":"ListItem","position":2,"name":"Shop","item":"https:\/\/www.kantu.cz\/en\/shop\/"},{"@type":"ListItem","position":3,"name":"FREE- mask spray and satchel"}]}]}},"_links":{"self":[{"href":"https:\/\/www.kantu.cz\/en\/wp-json\/wp\/v2\/product\/8716"}],"collection":[{"href":"https:\/\/www.kantu.cz\/en\/wp-json\/wp\/v2\/product"}],"about":[{"href":"https:\/\/www.kantu.cz\/en\/wp-json\/wp\/v2\/types\/product"}],"replies":[{"embeddable":true,"href":"https:\/\/www.kantu.cz\/en\/wp-json\/wp\/v2\/comments?post=8716"}],"wp:featuredmedia":[{"embeddable":true,"href":"https:\/\/www.kantu.cz\/en\/wp-json\/wp\/v2\/media\/8718"}],"wp:attachment":[{"href":"https:\/\/www.kantu.cz\/en\/wp-json\/wp\/v2\/media?parent=8716"}],"curies":[{"name":"wp","href":"https:\/\/api.w.org\/{rel}","templated":true}]}}