{"id":6046,"date":"2018-01-28T12:50:17","date_gmt":"2018-03-01T16:14:19","guid":{"rendered":"https:\/\/www.kantu.cz\/?post_type=product&#038;p=6046"},"modified":"2019-10-27T20:09:00","modified_gmt":"2019-10-27T20:09:00","slug":"refill-set-3-fragrances","status":"publish","type":"product","link":"https:\/\/www.kantu.cz\/en\/shop\/oil-blend\/refill-set-3-fragrances\/","title":{"rendered":"Refill Oil Blend \u2014 Set of 3 Fragrances"},"content":{"rendered":"<p><strong>If you would like a different combination of fragrances, please specify your choices in the comment window at purchase.<\/strong><\/p>\n<p>You can choose, as well, a single bottle of oil blend, or, a set of 3 for a better price.<\/p>\n<p>Oil Blend: pure essential oils 1ml.<\/p>\n<p><strong><span style=\"color: #441e19;\">Uplift your spirit.<\/span><\/strong><\/p>\n","protected":false},"excerpt":{"rendered":"<p><span style=\"color: #441e19;\">Refill &#8211; Essential oil blend for\u00a0Aroma bracelets\u00a0and Kantu Amulets.\u00a0Price includes set of 3 bottles.<\/span><\/p>\n<p><span style=\"color: #441e19;\">All fragrances are blends of pure natural undilluted precious essential oils.<\/span><\/p>\n<p><em><span style=\"color: #441e19;\">A description of the blends can be found under the tab: V\u016fn\u011b.<\/span><\/em><\/p>\n","protected":false},"featured_media":6132,"comment_status":"closed","ping_status":"closed","template":"","meta":[],"acf":[],"yoast_head":"<!-- This site is optimized with the Yoast SEO plugin v18.9 - https:\/\/yoast.com\/wordpress\/plugins\/seo\/ -->\n<title>Refill Oil Blend \u2014 Set of 3 Fragrances - KANTU | Uplift your spirit<\/title>\n<meta name=\"description\" content=\"Aroma n\u00e1ramek z p\u0159\u00edrodn\u00edch kamen\u016f v sad\u011b s \u010dist\u00fdmi \u00e9terick\u00fdmi oleji, k\u00e1pnut\u00edm na kor\u00e1lek Rudrakshu m\u00e1te svou obl\u00edbenou v\u016fni po\u0159\u00e1d p\u0159i sob\u011b. Aromaterapie.\" \/>\n<meta name=\"robots\" content=\"index, follow, max-snippet:-1, max-image-preview:large, max-video-preview:-1\" \/>\n<link rel=\"canonical\" href=\"https:\/\/www.kantu.cz\/en\/shop\/oil-blend\/refill-set-3-fragrances\/\" \/>\n<meta property=\"og:locale\" content=\"en_US\" \/>\n<meta property=\"og:type\" content=\"article\" \/>\n<meta property=\"og:title\" content=\"Refill Oil Blend \u2014 Set of 3 Fragrances - KANTU | Uplift your spirit\" \/>\n<meta property=\"og:description\" content=\"Aroma n\u00e1ramek z p\u0159\u00edrodn\u00edch kamen\u016f v sad\u011b s \u010dist\u00fdmi \u00e9terick\u00fdmi oleji, k\u00e1pnut\u00edm na kor\u00e1lek Rudrakshu m\u00e1te svou obl\u00edbenou v\u016fni po\u0159\u00e1d p\u0159i sob\u011b. Aromaterapie.\" \/>\n<meta property=\"og:url\" content=\"https:\/\/www.kantu.cz\/en\/shop\/oil-blend\/refill-set-3-fragrances\/\" \/>\n<meta property=\"og:site_name\" content=\"KANTU | Uplift your spirit\" \/>\n<meta property=\"article:publisher\" content=\"https:\/\/business.facebook.com\/?business_id=1669387883307423\" \/>\n<meta property=\"article:modified_time\" content=\"2019-10-27T20:09:00+00:00\" \/>\n<meta property=\"og:image\" content=\"https:\/\/www.kantu.cz\/wp-content\/uploads\/2018\/02\/Refill_sada_montaz_web_2-scaled.jpg\" \/>\n\t<meta property=\"og:image:width\" content=\"3647\" \/>\n\t<meta property=\"og:image:height\" content=\"2964\" \/>\n\t<meta property=\"og:image:type\" content=\"image\/jpeg\" \/>\n<meta name=\"twitter:card\" content=\"summary\" \/>\n<script type=\"application\/ld+json\" class=\"yoast-schema-graph\">{\"@context\":\"https:\/\/schema.org\",\"@graph\":[{\"@type\":\"Organization\",\"@id\":\"https:\/\/www.kantu.cz\/#organization\",\"name\":\"KANTU\",\"url\":\"https:\/\/www.kantu.cz\/\",\"sameAs\":[\"https:\/\/www.instagram.com\/kantu_yoga\/\",\"https:\/\/www.linkedin.com\/company\/kantu?trk=top_nav_home\",\"https:\/\/cz.pinterest.com\/kantu0676\/\",\"https:\/\/business.facebook.com\/?business_id=1669387883307423\"],\"logo\":{\"@type\":\"ImageObject\",\"inLanguage\":\"en-US\",\"@id\":\"https:\/\/www.kantu.cz\/#\/schema\/logo\/image\/\",\"url\":\"https:\/\/www.kantu.cz\/wp-content\/uploads\/2022\/01\/Centrd_FullSymbol_SM.jpg\",\"contentUrl\":\"https:\/\/www.kantu.cz\/wp-content\/uploads\/2022\/01\/Centrd_FullSymbol_SM.jpg\",\"width\":945,\"height\":825,\"caption\":\"KANTU\"},\"image\":{\"@id\":\"https:\/\/www.kantu.cz\/#\/schema\/logo\/image\/\"}},{\"@type\":\"WebSite\",\"@id\":\"https:\/\/www.kantu.cz\/#website\",\"url\":\"https:\/\/www.kantu.cz\/\",\"name\":\"KANTU | Uplift your spirit\",\"description\":\"\",\"publisher\":{\"@id\":\"https:\/\/www.kantu.cz\/#organization\"},\"potentialAction\":[{\"@type\":\"SearchAction\",\"target\":{\"@type\":\"EntryPoint\",\"urlTemplate\":\"https:\/\/www.kantu.cz\/?s={search_term_string}\"},\"query-input\":\"required name=search_term_string\"}],\"inLanguage\":\"en-US\"},{\"@type\":\"ImageObject\",\"inLanguage\":\"en-US\",\"@id\":\"https:\/\/www.kantu.cz\/en\/shop\/oil-blend\/refill-set-3-fragrances\/#primaryimage\",\"url\":\"https:\/\/www.kantu.cz\/wp-content\/uploads\/2018\/02\/Refill_sada_montaz_web_2-scaled.jpg\",\"contentUrl\":\"https:\/\/www.kantu.cz\/wp-content\/uploads\/2018\/02\/Refill_sada_montaz_web_2-scaled.jpg\",\"width\":3647,\"height\":2964},{\"@type\":\"WebPage\",\"@id\":\"https:\/\/www.kantu.cz\/en\/shop\/oil-blend\/refill-set-3-fragrances\/#webpage\",\"url\":\"https:\/\/www.kantu.cz\/en\/shop\/oil-blend\/refill-set-3-fragrances\/\",\"name\":\"Refill Oil Blend \u2014 Set of 3 Fragrances - KANTU | Uplift your spirit\",\"isPartOf\":{\"@id\":\"https:\/\/www.kantu.cz\/#website\"},\"primaryImageOfPage\":{\"@id\":\"https:\/\/www.kantu.cz\/en\/shop\/oil-blend\/refill-set-3-fragrances\/#primaryimage\"},\"datePublished\":\"2018-03-01T16:14:19+00:00\",\"dateModified\":\"2019-10-27T20:09:00+00:00\",\"description\":\"Aroma n\u00e1ramek z p\u0159\u00edrodn\u00edch kamen\u016f v sad\u011b s \u010dist\u00fdmi \u00e9terick\u00fdmi oleji, k\u00e1pnut\u00edm na kor\u00e1lek Rudrakshu m\u00e1te svou obl\u00edbenou v\u016fni po\u0159\u00e1d p\u0159i sob\u011b. Aromaterapie.\",\"breadcrumb\":{\"@id\":\"https:\/\/www.kantu.cz\/en\/shop\/oil-blend\/refill-set-3-fragrances\/#breadcrumb\"},\"inLanguage\":\"en-US\",\"potentialAction\":[{\"@type\":\"ReadAction\",\"target\":[\"https:\/\/www.kantu.cz\/en\/shop\/oil-blend\/refill-set-3-fragrances\/\"]}]},{\"@type\":\"BreadcrumbList\",\"@id\":\"https:\/\/www.kantu.cz\/en\/shop\/oil-blend\/refill-set-3-fragrances\/#breadcrumb\",\"itemListElement\":[{\"@type\":\"ListItem\",\"position\":1,\"name\":\"Home\",\"item\":\"https:\/\/www.kantu.cz\/en\/\"},{\"@type\":\"ListItem\",\"position\":2,\"name\":\"Shop\",\"item\":\"https:\/\/www.kantu.cz\/en\/shop\/\"},{\"@type\":\"ListItem\",\"position\":3,\"name\":\"Refill Oil Blend \u2014 Set of 3 Fragrances\"}]}]}<\/script>\n<!-- \/ Yoast SEO plugin. -->","yoast_head_json":{"title":"Refill Oil Blend \u2014 Set of 3 Fragrances - KANTU | Uplift your spirit","description":"Aroma n\u00e1ramek z p\u0159\u00edrodn\u00edch kamen\u016f v sad\u011b s \u010dist\u00fdmi \u00e9terick\u00fdmi oleji, k\u00e1pnut\u00edm na kor\u00e1lek Rudrakshu m\u00e1te svou obl\u00edbenou v\u016fni po\u0159\u00e1d p\u0159i sob\u011b. Aromaterapie.","robots":{"index":"index","follow":"follow","max-snippet":"max-snippet:-1","max-image-preview":"max-image-preview:large","max-video-preview":"max-video-preview:-1"},"canonical":"https:\/\/www.kantu.cz\/en\/shop\/oil-blend\/refill-set-3-fragrances\/","og_locale":"en_US","og_type":"article","og_title":"Refill Oil Blend \u2014 Set of 3 Fragrances - KANTU | Uplift your spirit","og_description":"Aroma n\u00e1ramek z p\u0159\u00edrodn\u00edch kamen\u016f v sad\u011b s \u010dist\u00fdmi \u00e9terick\u00fdmi oleji, k\u00e1pnut\u00edm na kor\u00e1lek Rudrakshu m\u00e1te svou obl\u00edbenou v\u016fni po\u0159\u00e1d p\u0159i sob\u011b. Aromaterapie.","og_url":"https:\/\/www.kantu.cz\/en\/shop\/oil-blend\/refill-set-3-fragrances\/","og_site_name":"KANTU | Uplift your spirit","article_publisher":"https:\/\/business.facebook.com\/?business_id=1669387883307423","article_modified_time":"2019-10-27T20:09:00+00:00","og_image":[{"width":3647,"height":2964,"url":"https:\/\/www.kantu.cz\/wp-content\/uploads\/2018\/02\/Refill_sada_montaz_web_2-scaled.jpg","type":"image\/jpeg"}],"twitter_card":"summary","schema":{"@context":"https:\/\/schema.org","@graph":[{"@type":"Organization","@id":"https:\/\/www.kantu.cz\/#organization","name":"KANTU","url":"https:\/\/www.kantu.cz\/","sameAs":["https:\/\/www.instagram.com\/kantu_yoga\/","https:\/\/www.linkedin.com\/company\/kantu?trk=top_nav_home","https:\/\/cz.pinterest.com\/kantu0676\/","https:\/\/business.facebook.com\/?business_id=1669387883307423"],"logo":{"@type":"ImageObject","inLanguage":"en-US","@id":"https:\/\/www.kantu.cz\/#\/schema\/logo\/image\/","url":"https:\/\/www.kantu.cz\/wp-content\/uploads\/2022\/01\/Centrd_FullSymbol_SM.jpg","contentUrl":"https:\/\/www.kantu.cz\/wp-content\/uploads\/2022\/01\/Centrd_FullSymbol_SM.jpg","width":945,"height":825,"caption":"KANTU"},"image":{"@id":"https:\/\/www.kantu.cz\/#\/schema\/logo\/image\/"}},{"@type":"WebSite","@id":"https:\/\/www.kantu.cz\/#website","url":"https:\/\/www.kantu.cz\/","name":"KANTU | Uplift your spirit","description":"","publisher":{"@id":"https:\/\/www.kantu.cz\/#organization"},"potentialAction":[{"@type":"SearchAction","target":{"@type":"EntryPoint","urlTemplate":"https:\/\/www.kantu.cz\/?s={search_term_string}"},"query-input":"required name=search_term_string"}],"inLanguage":"en-US"},{"@type":"ImageObject","inLanguage":"en-US","@id":"https:\/\/www.kantu.cz\/en\/shop\/oil-blend\/refill-set-3-fragrances\/#primaryimage","url":"https:\/\/www.kantu.cz\/wp-content\/uploads\/2018\/02\/Refill_sada_montaz_web_2-scaled.jpg","contentUrl":"https:\/\/www.kantu.cz\/wp-content\/uploads\/2018\/02\/Refill_sada_montaz_web_2-scaled.jpg","width":3647,"height":2964},{"@type":"WebPage","@id":"https:\/\/www.kantu.cz\/en\/shop\/oil-blend\/refill-set-3-fragrances\/#webpage","url":"https:\/\/www.kantu.cz\/en\/shop\/oil-blend\/refill-set-3-fragrances\/","name":"Refill Oil Blend \u2014 Set of 3 Fragrances - KANTU | Uplift your spirit","isPartOf":{"@id":"https:\/\/www.kantu.cz\/#website"},"primaryImageOfPage":{"@id":"https:\/\/www.kantu.cz\/en\/shop\/oil-blend\/refill-set-3-fragrances\/#primaryimage"},"datePublished":"2018-03-01T16:14:19+00:00","dateModified":"2019-10-27T20:09:00+00:00","description":"Aroma n\u00e1ramek z p\u0159\u00edrodn\u00edch kamen\u016f v sad\u011b s \u010dist\u00fdmi \u00e9terick\u00fdmi oleji, k\u00e1pnut\u00edm na kor\u00e1lek Rudrakshu m\u00e1te svou obl\u00edbenou v\u016fni po\u0159\u00e1d p\u0159i sob\u011b. Aromaterapie.","breadcrumb":{"@id":"https:\/\/www.kantu.cz\/en\/shop\/oil-blend\/refill-set-3-fragrances\/#breadcrumb"},"inLanguage":"en-US","potentialAction":[{"@type":"ReadAction","target":["https:\/\/www.kantu.cz\/en\/shop\/oil-blend\/refill-set-3-fragrances\/"]}]},{"@type":"BreadcrumbList","@id":"https:\/\/www.kantu.cz\/en\/shop\/oil-blend\/refill-set-3-fragrances\/#breadcrumb","itemListElement":[{"@type":"ListItem","position":1,"name":"Home","item":"https:\/\/www.kantu.cz\/en\/"},{"@type":"ListItem","position":2,"name":"Shop","item":"https:\/\/www.kantu.cz\/en\/shop\/"},{"@type":"ListItem","position":3,"name":"Refill Oil Blend \u2014 Set of 3 Fragrances"}]}]}},"_links":{"self":[{"href":"https:\/\/www.kantu.cz\/en\/wp-json\/wp\/v2\/product\/6046"}],"collection":[{"href":"https:\/\/www.kantu.cz\/en\/wp-json\/wp\/v2\/product"}],"about":[{"href":"https:\/\/www.kantu.cz\/en\/wp-json\/wp\/v2\/types\/product"}],"replies":[{"embeddable":true,"href":"https:\/\/www.kantu.cz\/en\/wp-json\/wp\/v2\/comments?post=6046"}],"wp:featuredmedia":[{"embeddable":true,"href":"https:\/\/www.kantu.cz\/en\/wp-json\/wp\/v2\/media\/6132"}],"wp:attachment":[{"href":"https:\/\/www.kantu.cz\/en\/wp-json\/wp\/v2\/media?parent=6046"}],"curies":[{"name":"wp","href":"https:\/\/api.w.org\/{rel}","templated":true}]}}