{"id":6001,"date":"2018-03-02T14:02:45","date_gmt":"2018-03-01T09:02:48","guid":{"rendered":"https:\/\/www.kantu.cz\/?post_type=product&#038;p=6001"},"modified":"2018-12-03T01:59:40","modified_gmt":"2018-12-03T01:59:40","slug":"refill-essential-oil","status":"publish","type":"product","link":"https:\/\/www.kantu.cz\/en\/shop\/oil-blend\/refill-essential-oil\/","title":{"rendered":"Refill Oil Blend \u2013 1 Oil"},"content":{"rendered":"<p>&nbsp;<\/p>\n<p>You can also choose set of 3 bottles or the complete set of 6 for a discounted price.\u00a0Select w<\/p>\n<p>Oil Blend \u2014 1ml.<\/p>\n<p><strong><span style=\"color: #441e19;\">Uplift your spirit.<\/span><\/strong><\/p>\n<p>&nbsp;<\/p>\n","protected":false},"excerpt":{"rendered":"<p>Refill \u2014 Blend of essential oil blends for\u00a0Aroma bracelets\u00a0and Kantu Amulets. Price includes 1 bottle.<\/p>\n<p>All fragrances contain pure natural undiluted precious essential oils.<\/p>\n<p><em>Description of the blends are found under the\u00a0tab:\u00a0V\u016fn\u011b.<\/em><\/p>\n<p>&nbsp;<\/p>\n<p>&nbsp;<\/p>\n","protected":false},"featured_media":6117,"comment_status":"closed","ping_status":"closed","template":"","meta":[],"acf":[],"yoast_head":"<!-- This site is optimized with the Yoast SEO plugin v18.9 - https:\/\/yoast.com\/wordpress\/plugins\/seo\/ -->\n<title>Refill Oil Blend \u2013 1 Oil - KANTU | Uplift your spirit<\/title>\n<meta name=\"description\" content=\"Aroma n\u00e1ramek z p\u0159\u00edrodn\u00edch kamen\u016f v sad\u011b s \u010dist\u00fdmi \u00e9terick\u00fdmi oleji, k\u00e1pnut\u00edm na kor\u00e1lek Rudrakshu m\u00e1te svou obl\u00edbenou v\u016fni po\u0159\u00e1d p\u0159i sob\u011b. Aromaterapie.\" \/>\n<meta name=\"robots\" content=\"index, follow, max-snippet:-1, max-image-preview:large, max-video-preview:-1\" \/>\n<link rel=\"canonical\" href=\"https:\/\/www.kantu.cz\/en\/shop\/oil-blend\/refill-essential-oil\/\" \/>\n<meta property=\"og:locale\" content=\"en_US\" \/>\n<meta property=\"og:type\" content=\"article\" \/>\n<meta property=\"og:title\" content=\"Refill Oil Blend \u2013 1 Oil - KANTU | Uplift your spirit\" \/>\n<meta property=\"og:description\" content=\"Aroma n\u00e1ramek z p\u0159\u00edrodn\u00edch kamen\u016f v sad\u011b s \u010dist\u00fdmi \u00e9terick\u00fdmi oleji, k\u00e1pnut\u00edm na kor\u00e1lek Rudrakshu m\u00e1te svou obl\u00edbenou v\u016fni po\u0159\u00e1d p\u0159i sob\u011b. Aromaterapie.\" \/>\n<meta property=\"og:url\" content=\"https:\/\/www.kantu.cz\/en\/shop\/oil-blend\/refill-essential-oil\/\" \/>\n<meta property=\"og:site_name\" content=\"KANTU | Uplift your spirit\" \/>\n<meta property=\"article:publisher\" content=\"https:\/\/business.facebook.com\/?business_id=1669387883307423\" \/>\n<meta property=\"article:modified_time\" content=\"2018-12-03T01:59:40+00:00\" \/>\n<meta property=\"og:image\" content=\"https:\/\/www.kantu.cz\/wp-content\/uploads\/2018\/03\/LowRes-04.jpg\" \/>\n\t<meta property=\"og:image:width\" content=\"1500\" \/>\n\t<meta property=\"og:image:height\" content=\"999\" \/>\n\t<meta property=\"og:image:type\" content=\"image\/jpeg\" \/>\n<meta name=\"twitter:card\" content=\"summary\" \/>\n<script type=\"application\/ld+json\" class=\"yoast-schema-graph\">{\"@context\":\"https:\/\/schema.org\",\"@graph\":[{\"@type\":\"Organization\",\"@id\":\"https:\/\/www.kantu.cz\/#organization\",\"name\":\"KANTU\",\"url\":\"https:\/\/www.kantu.cz\/\",\"sameAs\":[\"https:\/\/www.instagram.com\/kantu_yoga\/\",\"https:\/\/www.linkedin.com\/company\/kantu?trk=top_nav_home\",\"https:\/\/cz.pinterest.com\/kantu0676\/\",\"https:\/\/business.facebook.com\/?business_id=1669387883307423\"],\"logo\":{\"@type\":\"ImageObject\",\"inLanguage\":\"en-US\",\"@id\":\"https:\/\/www.kantu.cz\/#\/schema\/logo\/image\/\",\"url\":\"https:\/\/www.kantu.cz\/wp-content\/uploads\/2022\/01\/Centrd_FullSymbol_SM.jpg\",\"contentUrl\":\"https:\/\/www.kantu.cz\/wp-content\/uploads\/2022\/01\/Centrd_FullSymbol_SM.jpg\",\"width\":945,\"height\":825,\"caption\":\"KANTU\"},\"image\":{\"@id\":\"https:\/\/www.kantu.cz\/#\/schema\/logo\/image\/\"}},{\"@type\":\"WebSite\",\"@id\":\"https:\/\/www.kantu.cz\/#website\",\"url\":\"https:\/\/www.kantu.cz\/\",\"name\":\"KANTU | Uplift your spirit\",\"description\":\"\",\"publisher\":{\"@id\":\"https:\/\/www.kantu.cz\/#organization\"},\"potentialAction\":[{\"@type\":\"SearchAction\",\"target\":{\"@type\":\"EntryPoint\",\"urlTemplate\":\"https:\/\/www.kantu.cz\/?s={search_term_string}\"},\"query-input\":\"required name=search_term_string\"}],\"inLanguage\":\"en-US\"},{\"@type\":\"ImageObject\",\"inLanguage\":\"en-US\",\"@id\":\"https:\/\/www.kantu.cz\/en\/shop\/oil-blend\/refill-essential-oil\/#primaryimage\",\"url\":\"https:\/\/www.kantu.cz\/wp-content\/uploads\/2018\/03\/LowRes-04.jpg\",\"contentUrl\":\"https:\/\/www.kantu.cz\/wp-content\/uploads\/2018\/03\/LowRes-04.jpg\",\"width\":1500,\"height\":999},{\"@type\":\"WebPage\",\"@id\":\"https:\/\/www.kantu.cz\/en\/shop\/oil-blend\/refill-essential-oil\/#webpage\",\"url\":\"https:\/\/www.kantu.cz\/en\/shop\/oil-blend\/refill-essential-oil\/\",\"name\":\"Refill Oil Blend \u2013 1 Oil - KANTU | Uplift your spirit\",\"isPartOf\":{\"@id\":\"https:\/\/www.kantu.cz\/#website\"},\"primaryImageOfPage\":{\"@id\":\"https:\/\/www.kantu.cz\/en\/shop\/oil-blend\/refill-essential-oil\/#primaryimage\"},\"datePublished\":\"2018-03-01T09:02:48+00:00\",\"dateModified\":\"2018-12-03T01:59:40+00:00\",\"description\":\"Aroma n\u00e1ramek z p\u0159\u00edrodn\u00edch kamen\u016f v sad\u011b s \u010dist\u00fdmi \u00e9terick\u00fdmi oleji, k\u00e1pnut\u00edm na kor\u00e1lek Rudrakshu m\u00e1te svou obl\u00edbenou v\u016fni po\u0159\u00e1d p\u0159i sob\u011b. Aromaterapie.\",\"breadcrumb\":{\"@id\":\"https:\/\/www.kantu.cz\/en\/shop\/oil-blend\/refill-essential-oil\/#breadcrumb\"},\"inLanguage\":\"en-US\",\"potentialAction\":[{\"@type\":\"ReadAction\",\"target\":[\"https:\/\/www.kantu.cz\/en\/shop\/oil-blend\/refill-essential-oil\/\"]}]},{\"@type\":\"BreadcrumbList\",\"@id\":\"https:\/\/www.kantu.cz\/en\/shop\/oil-blend\/refill-essential-oil\/#breadcrumb\",\"itemListElement\":[{\"@type\":\"ListItem\",\"position\":1,\"name\":\"Home\",\"item\":\"https:\/\/www.kantu.cz\/en\/\"},{\"@type\":\"ListItem\",\"position\":2,\"name\":\"Shop\",\"item\":\"https:\/\/www.kantu.cz\/en\/shop\/\"},{\"@type\":\"ListItem\",\"position\":3,\"name\":\"Refill Oil Blend \u2013 1 Oil\"}]}]}<\/script>\n<!-- \/ Yoast SEO plugin. -->","yoast_head_json":{"title":"Refill Oil Blend \u2013 1 Oil - KANTU | Uplift your spirit","description":"Aroma n\u00e1ramek z p\u0159\u00edrodn\u00edch kamen\u016f v sad\u011b s \u010dist\u00fdmi \u00e9terick\u00fdmi oleji, k\u00e1pnut\u00edm na kor\u00e1lek Rudrakshu m\u00e1te svou obl\u00edbenou v\u016fni po\u0159\u00e1d p\u0159i sob\u011b. Aromaterapie.","robots":{"index":"index","follow":"follow","max-snippet":"max-snippet:-1","max-image-preview":"max-image-preview:large","max-video-preview":"max-video-preview:-1"},"canonical":"https:\/\/www.kantu.cz\/en\/shop\/oil-blend\/refill-essential-oil\/","og_locale":"en_US","og_type":"article","og_title":"Refill Oil Blend \u2013 1 Oil - KANTU | Uplift your spirit","og_description":"Aroma n\u00e1ramek z p\u0159\u00edrodn\u00edch kamen\u016f v sad\u011b s \u010dist\u00fdmi \u00e9terick\u00fdmi oleji, k\u00e1pnut\u00edm na kor\u00e1lek Rudrakshu m\u00e1te svou obl\u00edbenou v\u016fni po\u0159\u00e1d p\u0159i sob\u011b. Aromaterapie.","og_url":"https:\/\/www.kantu.cz\/en\/shop\/oil-blend\/refill-essential-oil\/","og_site_name":"KANTU | Uplift your spirit","article_publisher":"https:\/\/business.facebook.com\/?business_id=1669387883307423","article_modified_time":"2018-12-03T01:59:40+00:00","og_image":[{"width":1500,"height":999,"url":"https:\/\/www.kantu.cz\/wp-content\/uploads\/2018\/03\/LowRes-04.jpg","type":"image\/jpeg"}],"twitter_card":"summary","schema":{"@context":"https:\/\/schema.org","@graph":[{"@type":"Organization","@id":"https:\/\/www.kantu.cz\/#organization","name":"KANTU","url":"https:\/\/www.kantu.cz\/","sameAs":["https:\/\/www.instagram.com\/kantu_yoga\/","https:\/\/www.linkedin.com\/company\/kantu?trk=top_nav_home","https:\/\/cz.pinterest.com\/kantu0676\/","https:\/\/business.facebook.com\/?business_id=1669387883307423"],"logo":{"@type":"ImageObject","inLanguage":"en-US","@id":"https:\/\/www.kantu.cz\/#\/schema\/logo\/image\/","url":"https:\/\/www.kantu.cz\/wp-content\/uploads\/2022\/01\/Centrd_FullSymbol_SM.jpg","contentUrl":"https:\/\/www.kantu.cz\/wp-content\/uploads\/2022\/01\/Centrd_FullSymbol_SM.jpg","width":945,"height":825,"caption":"KANTU"},"image":{"@id":"https:\/\/www.kantu.cz\/#\/schema\/logo\/image\/"}},{"@type":"WebSite","@id":"https:\/\/www.kantu.cz\/#website","url":"https:\/\/www.kantu.cz\/","name":"KANTU | Uplift your spirit","description":"","publisher":{"@id":"https:\/\/www.kantu.cz\/#organization"},"potentialAction":[{"@type":"SearchAction","target":{"@type":"EntryPoint","urlTemplate":"https:\/\/www.kantu.cz\/?s={search_term_string}"},"query-input":"required name=search_term_string"}],"inLanguage":"en-US"},{"@type":"ImageObject","inLanguage":"en-US","@id":"https:\/\/www.kantu.cz\/en\/shop\/oil-blend\/refill-essential-oil\/#primaryimage","url":"https:\/\/www.kantu.cz\/wp-content\/uploads\/2018\/03\/LowRes-04.jpg","contentUrl":"https:\/\/www.kantu.cz\/wp-content\/uploads\/2018\/03\/LowRes-04.jpg","width":1500,"height":999},{"@type":"WebPage","@id":"https:\/\/www.kantu.cz\/en\/shop\/oil-blend\/refill-essential-oil\/#webpage","url":"https:\/\/www.kantu.cz\/en\/shop\/oil-blend\/refill-essential-oil\/","name":"Refill Oil Blend \u2013 1 Oil - KANTU | Uplift your spirit","isPartOf":{"@id":"https:\/\/www.kantu.cz\/#website"},"primaryImageOfPage":{"@id":"https:\/\/www.kantu.cz\/en\/shop\/oil-blend\/refill-essential-oil\/#primaryimage"},"datePublished":"2018-03-01T09:02:48+00:00","dateModified":"2018-12-03T01:59:40+00:00","description":"Aroma n\u00e1ramek z p\u0159\u00edrodn\u00edch kamen\u016f v sad\u011b s \u010dist\u00fdmi \u00e9terick\u00fdmi oleji, k\u00e1pnut\u00edm na kor\u00e1lek Rudrakshu m\u00e1te svou obl\u00edbenou v\u016fni po\u0159\u00e1d p\u0159i sob\u011b. Aromaterapie.","breadcrumb":{"@id":"https:\/\/www.kantu.cz\/en\/shop\/oil-blend\/refill-essential-oil\/#breadcrumb"},"inLanguage":"en-US","potentialAction":[{"@type":"ReadAction","target":["https:\/\/www.kantu.cz\/en\/shop\/oil-blend\/refill-essential-oil\/"]}]},{"@type":"BreadcrumbList","@id":"https:\/\/www.kantu.cz\/en\/shop\/oil-blend\/refill-essential-oil\/#breadcrumb","itemListElement":[{"@type":"ListItem","position":1,"name":"Home","item":"https:\/\/www.kantu.cz\/en\/"},{"@type":"ListItem","position":2,"name":"Shop","item":"https:\/\/www.kantu.cz\/en\/shop\/"},{"@type":"ListItem","position":3,"name":"Refill Oil Blend \u2013 1 Oil"}]}]}},"_links":{"self":[{"href":"https:\/\/www.kantu.cz\/en\/wp-json\/wp\/v2\/product\/6001"}],"collection":[{"href":"https:\/\/www.kantu.cz\/en\/wp-json\/wp\/v2\/product"}],"about":[{"href":"https:\/\/www.kantu.cz\/en\/wp-json\/wp\/v2\/types\/product"}],"replies":[{"embeddable":true,"href":"https:\/\/www.kantu.cz\/en\/wp-json\/wp\/v2\/comments?post=6001"}],"wp:featuredmedia":[{"embeddable":true,"href":"https:\/\/www.kantu.cz\/en\/wp-json\/wp\/v2\/media\/6117"}],"wp:attachment":[{"href":"https:\/\/www.kantu.cz\/en\/wp-json\/wp\/v2\/media?parent=6001"}],"curies":[{"name":"wp","href":"https:\/\/api.w.org\/{rel}","templated":true}]}}