{"id":2378,"date":"2015-10-27T05:08:26","date_gmt":"2015-10-27T05:08:26","guid":{"rendered":"http:\/\/www.kantu.cz\/?page_id=2378"},"modified":"2018-01-16T17:53:55","modified_gmt":"2018-01-16T17:53:55","slug":"inspiration","status":"publish","type":"page","link":"https:\/\/www.kantu.cz\/en\/inspiration\/","title":{"rendered":"Inspiration"},"content":{"rendered":"<p class=\"headerDots\" style=\"text-align: center;\"><span style=\"font-size: 90px; color: #b41d8d;\">.<\/span> <span style=\"font-size: 90px; color: #fbaf17;\">.<\/span> <span style=\"font-size: 90px; color: #f5821f;\">.<\/span> <span style=\"font-size: 90px; color: #ef403d;\">.<\/span> <span style=\"font-size: 90px; color: #ec0376;\">.<\/span><\/p>\n<h5 style=\"text-align: center;\">In life, inspiration comes to us from many places and things, when we become quiet and allow nature to touch us, when we meet an extraordinary person, when we see beauty in whatever form, or in reading an inspiring story that broadens our horizons\u2026 On this page, we offer a few influences that might also motivate you.<\/h5>\n<p>&nbsp;<\/p>\n<div class=\"cols-wrapper cols-2\">\n<div class=\"col\">\n<p>&nbsp;<\/p>\n<p><span style=\"color: #441e19;\">Lenka &amp; Lucie \u2014<\/span> Best yoga gurus<br \/>\nwww.lenkalucieyoga.cz<\/p>\n<p><span style=\"color: #441e19;\">Sitara Bali Experience\u00a0\u2014<\/span>\u00a0Kamila and I created joined product &#8211; Aroma bracelet. I knew she is the right one to cooperate with. Kamila and I share passion for yoga and choosing only the best &#8220;ingredients&#8221; for our products. On top of that, she can really communicate with the stones. She is very sensitive to their energy and always reaches for the right one.Check out her other creations on:\u00a0<a href=\"http:\/\/sitara.cz\/cs\/\">www.sitara.cz<\/a><\/p>\n<p><span style=\"color: #441e19;\">Eva Brz\u00e1kov\u00e1\u00a0\u2014<\/span>\u00a0Czech fashion designer who is behind the designs of Kinchaku satchels. Eva&#8217;s original style is for me perfect expression of strong feminine. She allows to express the best of each woman in her unique sofisticated style.<\/p>\n<p><span style=\"color: #441e19;\">Yoga Point \u2014<\/span> Guidepost for\u00a0your yoga journey, practical\u00a0information, lesson and instructor reviews, events<br \/>\nwww.yogapoint.cz<\/p>\n<p><span style=\"color: #441e19;\">Ivana Hrb\u00e1\u010dkov\u00e1 \u2014<\/span> Yoga event facilitator www.ommm.cz<\/p>\n<p><span style=\"color: #441e19;\">Karaimi &amp; Michael Rice \u2014<\/span><br \/>\nInspiration with a capital \u201cI\u201d, can&#8217;t be pigeonholed, must be experienced :-)<br \/>\nwww.beautyandtruth.org<br \/>\nwww.haluzice.cz<br \/>\nwww.michaelrice.cz<\/p>\n<\/div>\n<div class=\"col nomargin\">\n<p>&nbsp;<\/p>\n<p><span style=\"color: #441e19;\">Teal Swan \u2014<\/span> Spiritual catalyst<\/p>\n<p><span style=\"color: #441e19;\">Wayne Dyer \u2014<\/span> Author, spiritual teacher<\/p>\n<p><span style=\"color: #441e19;\">Ian Watson\u2014<\/span> The Insight Space, Three principles, homeopathy and a lot more<br \/>\nwww.theinsightspace.com<\/p>\n<p><span style=\"color: #441e19;\">Martina Proch\u00e1zkov\u00e1 \u2014<\/span> Coordinator &amp; founder of Prague Spirit Festival<br \/>\nwww.praguespiritfestival.com<\/p>\n<p>&nbsp;<\/p>\n<h5>Books:<\/h5>\n<p>Vladim\u00edr Merge,\u00a0<em>Anastazia<\/em>\u00a0(many volumes)<\/p>\n<p>Elisabeth Haich,\u00a0<em>Initiation<\/em> (<em>Zasv\u011bcen\u00ed <\/em>)<\/p>\n<p>E. Shafak,\u00a0<em>40 Rules of Love<\/em><\/p>\n<p>J\u00falia Sellers,\u00a0<em>Vid\u011bl jsom to zajtra<\/em><\/p>\n<p>H. H. Mamani,\u00a0<em>Kurandera, Had\u00ed \u017eena<\/em> (<em>La profezia della curandera<\/em>)<\/p>\n<\/div>\n<\/div>\n<p>&nbsp;<\/p>\n","protected":false},"excerpt":{"rendered":"<p>. . . . . In life, inspiration comes to us from many places and things, when we become quiet [&hellip;]<\/p>\n","protected":false},"author":3,"featured_media":0,"parent":0,"menu_order":0,"comment_status":"closed","ping_status":"closed","template":"","meta":[],"acf":[],"yoast_head":"<!-- This site is optimized with the Yoast SEO plugin v18.9 - https:\/\/yoast.com\/wordpress\/plugins\/seo\/ -->\n<title>Inspiration - KANTU | Uplift your spirit<\/title>\n<meta name=\"robots\" content=\"index, follow, max-snippet:-1, max-image-preview:large, max-video-preview:-1\" \/>\n<link rel=\"canonical\" href=\"https:\/\/www.kantu.cz\/en\/inspiration\/\" \/>\n<meta property=\"og:locale\" content=\"en_US\" \/>\n<meta property=\"og:type\" content=\"article\" \/>\n<meta property=\"og:title\" content=\"Inspiration - KANTU | Uplift your spirit\" \/>\n<meta property=\"og:description\" content=\". . . . . In life, inspiration comes to us from many places and things, when we become quiet [&hellip;]\" \/>\n<meta property=\"og:url\" content=\"https:\/\/www.kantu.cz\/en\/inspiration\/\" \/>\n<meta property=\"og:site_name\" content=\"KANTU | Uplift your spirit\" \/>\n<meta property=\"article:publisher\" content=\"https:\/\/business.facebook.com\/?business_id=1669387883307423\" \/>\n<meta property=\"article:modified_time\" content=\"2018-01-16T17:53:55+00:00\" \/>\n<meta name=\"twitter:card\" content=\"summary\" \/>\n<meta name=\"twitter:label1\" content=\"Est. reading time\" \/>\n\t<meta name=\"twitter:data1\" content=\"2 minutes\" \/>\n<script type=\"application\/ld+json\" class=\"yoast-schema-graph\">{\"@context\":\"https:\/\/schema.org\",\"@graph\":[{\"@type\":\"Organization\",\"@id\":\"https:\/\/www.kantu.cz\/#organization\",\"name\":\"KANTU\",\"url\":\"https:\/\/www.kantu.cz\/\",\"sameAs\":[\"https:\/\/www.instagram.com\/kantu_yoga\/\",\"https:\/\/www.linkedin.com\/company\/kantu?trk=top_nav_home\",\"https:\/\/cz.pinterest.com\/kantu0676\/\",\"https:\/\/business.facebook.com\/?business_id=1669387883307423\"],\"logo\":{\"@type\":\"ImageObject\",\"inLanguage\":\"en-US\",\"@id\":\"https:\/\/www.kantu.cz\/#\/schema\/logo\/image\/\",\"url\":\"https:\/\/www.kantu.cz\/wp-content\/uploads\/2022\/01\/Centrd_FullSymbol_SM.jpg\",\"contentUrl\":\"https:\/\/www.kantu.cz\/wp-content\/uploads\/2022\/01\/Centrd_FullSymbol_SM.jpg\",\"width\":945,\"height\":825,\"caption\":\"KANTU\"},\"image\":{\"@id\":\"https:\/\/www.kantu.cz\/#\/schema\/logo\/image\/\"}},{\"@type\":\"WebSite\",\"@id\":\"https:\/\/www.kantu.cz\/#website\",\"url\":\"https:\/\/www.kantu.cz\/\",\"name\":\"KANTU | Uplift your spirit\",\"description\":\"\",\"publisher\":{\"@id\":\"https:\/\/www.kantu.cz\/#organization\"},\"potentialAction\":[{\"@type\":\"SearchAction\",\"target\":{\"@type\":\"EntryPoint\",\"urlTemplate\":\"https:\/\/www.kantu.cz\/?s={search_term_string}\"},\"query-input\":\"required name=search_term_string\"}],\"inLanguage\":\"en-US\"},{\"@type\":\"WebPage\",\"@id\":\"https:\/\/www.kantu.cz\/en\/inspiration\/#webpage\",\"url\":\"https:\/\/www.kantu.cz\/en\/inspiration\/\",\"name\":\"Inspiration - KANTU | Uplift your spirit\",\"isPartOf\":{\"@id\":\"https:\/\/www.kantu.cz\/#website\"},\"datePublished\":\"2015-10-27T05:08:26+00:00\",\"dateModified\":\"2018-01-16T17:53:55+00:00\",\"breadcrumb\":{\"@id\":\"https:\/\/www.kantu.cz\/en\/inspiration\/#breadcrumb\"},\"inLanguage\":\"en-US\",\"potentialAction\":[{\"@type\":\"ReadAction\",\"target\":[\"https:\/\/www.kantu.cz\/en\/inspiration\/\"]}]},{\"@type\":\"BreadcrumbList\",\"@id\":\"https:\/\/www.kantu.cz\/en\/inspiration\/#breadcrumb\",\"itemListElement\":[{\"@type\":\"ListItem\",\"position\":1,\"name\":\"Home\",\"item\":\"https:\/\/www.kantu.cz\/en\/\"},{\"@type\":\"ListItem\",\"position\":2,\"name\":\"Inspiration\"}]}]}<\/script>\n<!-- \/ Yoast SEO plugin. -->","yoast_head_json":{"title":"Inspiration - KANTU | Uplift your spirit","robots":{"index":"index","follow":"follow","max-snippet":"max-snippet:-1","max-image-preview":"max-image-preview:large","max-video-preview":"max-video-preview:-1"},"canonical":"https:\/\/www.kantu.cz\/en\/inspiration\/","og_locale":"en_US","og_type":"article","og_title":"Inspiration - KANTU | Uplift your spirit","og_description":". . . . . In life, inspiration comes to us from many places and things, when we become quiet [&hellip;]","og_url":"https:\/\/www.kantu.cz\/en\/inspiration\/","og_site_name":"KANTU | Uplift your spirit","article_publisher":"https:\/\/business.facebook.com\/?business_id=1669387883307423","article_modified_time":"2018-01-16T17:53:55+00:00","twitter_card":"summary","twitter_misc":{"Est. reading time":"2 minutes"},"schema":{"@context":"https:\/\/schema.org","@graph":[{"@type":"Organization","@id":"https:\/\/www.kantu.cz\/#organization","name":"KANTU","url":"https:\/\/www.kantu.cz\/","sameAs":["https:\/\/www.instagram.com\/kantu_yoga\/","https:\/\/www.linkedin.com\/company\/kantu?trk=top_nav_home","https:\/\/cz.pinterest.com\/kantu0676\/","https:\/\/business.facebook.com\/?business_id=1669387883307423"],"logo":{"@type":"ImageObject","inLanguage":"en-US","@id":"https:\/\/www.kantu.cz\/#\/schema\/logo\/image\/","url":"https:\/\/www.kantu.cz\/wp-content\/uploads\/2022\/01\/Centrd_FullSymbol_SM.jpg","contentUrl":"https:\/\/www.kantu.cz\/wp-content\/uploads\/2022\/01\/Centrd_FullSymbol_SM.jpg","width":945,"height":825,"caption":"KANTU"},"image":{"@id":"https:\/\/www.kantu.cz\/#\/schema\/logo\/image\/"}},{"@type":"WebSite","@id":"https:\/\/www.kantu.cz\/#website","url":"https:\/\/www.kantu.cz\/","name":"KANTU | Uplift your spirit","description":"","publisher":{"@id":"https:\/\/www.kantu.cz\/#organization"},"potentialAction":[{"@type":"SearchAction","target":{"@type":"EntryPoint","urlTemplate":"https:\/\/www.kantu.cz\/?s={search_term_string}"},"query-input":"required name=search_term_string"}],"inLanguage":"en-US"},{"@type":"WebPage","@id":"https:\/\/www.kantu.cz\/en\/inspiration\/#webpage","url":"https:\/\/www.kantu.cz\/en\/inspiration\/","name":"Inspiration - KANTU | Uplift your spirit","isPartOf":{"@id":"https:\/\/www.kantu.cz\/#website"},"datePublished":"2015-10-27T05:08:26+00:00","dateModified":"2018-01-16T17:53:55+00:00","breadcrumb":{"@id":"https:\/\/www.kantu.cz\/en\/inspiration\/#breadcrumb"},"inLanguage":"en-US","potentialAction":[{"@type":"ReadAction","target":["https:\/\/www.kantu.cz\/en\/inspiration\/"]}]},{"@type":"BreadcrumbList","@id":"https:\/\/www.kantu.cz\/en\/inspiration\/#breadcrumb","itemListElement":[{"@type":"ListItem","position":1,"name":"Home","item":"https:\/\/www.kantu.cz\/en\/"},{"@type":"ListItem","position":2,"name":"Inspiration"}]}]}},"_links":{"self":[{"href":"https:\/\/www.kantu.cz\/en\/wp-json\/wp\/v2\/pages\/2378"}],"collection":[{"href":"https:\/\/www.kantu.cz\/en\/wp-json\/wp\/v2\/pages"}],"about":[{"href":"https:\/\/www.kantu.cz\/en\/wp-json\/wp\/v2\/types\/page"}],"author":[{"embeddable":true,"href":"https:\/\/www.kantu.cz\/en\/wp-json\/wp\/v2\/users\/3"}],"replies":[{"embeddable":true,"href":"https:\/\/www.kantu.cz\/en\/wp-json\/wp\/v2\/comments?post=2378"}],"version-history":[{"count":23,"href":"https:\/\/www.kantu.cz\/en\/wp-json\/wp\/v2\/pages\/2378\/revisions"}],"predecessor-version":[{"id":5897,"href":"https:\/\/www.kantu.cz\/en\/wp-json\/wp\/v2\/pages\/2378\/revisions\/5897"}],"wp:attachment":[{"href":"https:\/\/www.kantu.cz\/en\/wp-json\/wp\/v2\/media?parent=2378"}],"curies":[{"name":"wp","href":"https:\/\/api.w.org\/{rel}","templated":true}]}}